{"id":54,"date":"2026-03-10T08:15:53","date_gmt":"2026-03-10T08:15:53","guid":{"rendered":"https:\/\/www.cpjenerator.com\/?page_id=54"},"modified":"2026-03-18T22:59:24","modified_gmt":"2026-03-18T22:59:24","slug":"iletisim","status":"publish","type":"page","link":"https:\/\/www.cpjenerator.com\/?page_id=54","title":{"rendered":"\u0130leti\u015fim"},"content":{"rendered":"\n<div class=\"wp-block-group alignfull has-global-padding is-layout-constrained wp-container-core-group-is-layout-490fa1db wp-block-group-is-layout-constrained\" style=\"padding-top:var(--wp--preset--spacing--50);padding-right:var(--wp--preset--spacing--50);padding-bottom:var(--wp--preset--spacing--50);padding-left:var(--wp--preset--spacing--50)\">\n<div class=\"wp-block-group is-vertical is-content-justification-center is-layout-flex wp-container-core-group-is-layout-52b864f0 wp-block-group-is-layout-flex\">\n<h1 class=\"wp-block-heading has-text-align-left has-ast-global-color-1-color has-text-color has-link-color has-x-large-font-size wp-elements-3d619f78908413a34568510b9722caf6\"><a href=\"https:\/\/www.cpjenerator.com\/?page_id=51\">CP TOOLS JENERAT\u00d6R S\u0130STEMLER\u0130<\/a><\/h1>\n\n\n\n<div style=\"height:0px\" aria-hidden=\"true\" class=\"wp-block-spacer wp-container-content-4f2ccadb\"><\/div>\n\n\n<div class=\"wp-block-site-logo\"><a href=\"https:\/\/www.cpjenerator.com\/\" class=\"custom-logo-link\" rel=\"home\"><img loading=\"lazy\" decoding=\"async\" width=\"535\" height=\"306\" src=\"https:\/\/www.cpjenerator.com\/wp-content\/uploads\/2026\/03\/CP_Tools_Logo-1.png\" class=\"custom-logo\" alt=\"CP TOOLS\" srcset=\"https:\/\/www.cpjenerator.com\/wp-content\/uploads\/2026\/03\/CP_Tools_Logo-1.png 1104w, https:\/\/www.cpjenerator.com\/wp-content\/uploads\/2026\/03\/CP_Tools_Logo-1-300x172.png 300w, https:\/\/www.cpjenerator.com\/wp-content\/uploads\/2026\/03\/CP_Tools_Logo-1-1024x586.png 1024w, https:\/\/www.cpjenerator.com\/wp-content\/uploads\/2026\/03\/CP_Tools_Logo-1-768x440.png 768w\" sizes=\"auto, (max-width: 535px) 100vw, 535px\" \/><\/a><\/div><\/div>\n<\/div>\n\n\n\n<p class=\"has-text-align-left\"><strong>\u0130leti\u015fim Bilgileri<br><\/strong><br><strong>Merkez:<\/strong>\u00a0Mahmutbey Mah. 2455.Sok 34. Ada, \u0130sto\u00e7 no:23, 34200 Ba\u011fc\u0131lar\/\u0130stanbul<\/p>\n\n\n\n<p class=\"has-text-align-left\"><strong>\u0130leti\u015fim<\/strong>\u00a0:<br>Polat Kerimo\u011flu<a href=\"tel:905446949490\">\u00a0: +90 544 694 94 90<\/a><\/p>\n\n\n\n<iframe src=\"https:\/\/www.google.com\/maps\/embed?pb=!1m18!1m12!1m3!1d3008.206927023562!2d28.81407851219116!3d41.06446927122313!2m3!1f0!2f0!3f0!3m2!1i1024!2i768!4f13.1!3m3!1m2!1s0x14caa504c8edd2b5%3A0xede130c63fb53189!2sCP%20TOOLS!5e0!3m2!1str!2str!4v1773804757962!5m2!1str!2str\" width=\"600\" height=\"450\" style=\"border:0;\" allowfullscreen=\"\" loading=\"lazy\" referrerpolicy=\"no-referrer-when-downgrade\"><\/iframe>\n\n\n\n<div class=\"wp-block-group alignwide has-base-color has-contrast-background-color has-text-color has-background has-global-padding is-layout-constrained wp-container-core-group-is-layout-ef3d885c wp-block-group-is-layout-constrained\" style=\"margin-top:0;margin-bottom:0;padding-top:var(--wp--preset--spacing--60);padding-right:var(--wp--preset--spacing--60);padding-bottom:var(--wp--preset--spacing--60);padding-left:var(--wp--preset--spacing--60)\">\n<div class=\"wp-block-group has-global-padding is-layout-constrained wp-block-group-is-layout-constrained\">\n<p class=\"has-text-align-center has-ast-global-color-6-color has-text-color has-link-color wp-elements-4354bf109c8b014f43e7930bedf795f7\"><strong>CP Tools, elektri\u011fe ba\u011f\u0131ml\u0131l\u0131\u011f\u0131 ortadan kald\u0131ran bir sistem sunar.<br>\u00c7\u00fcnk\u00fc biz, enerjiyi bir \u00fcr\u00fcn de\u011fil, bir \u00e7\u00f6z\u00fcm olarak g\u00f6r\u00fcyoruz.<\/strong><\/p>\n\n\n\n<div style=\"height:var(--wp--preset--spacing--10)\" aria-hidden=\"true\" class=\"wp-block-spacer\"><\/div>\n<\/div>\n<\/div>\n\n\n\n<div class=\"wp-block-group alignfull has-global-padding is-layout-constrained wp-container-core-group-is-layout-d89aad35 wp-block-group-is-layout-constrained\" style=\"margin-top:0;margin-bottom:0;padding-top:var(--wp--preset--spacing--50);padding-right:var(--wp--preset--spacing--50);padding-bottom:var(--wp--preset--spacing--50);padding-left:var(--wp--preset--spacing--50)\">\n<div class=\"wp-block-group alignwide has-global-padding is-layout-constrained wp-container-core-group-is-layout-19e250f3 wp-block-group-is-layout-constrained\">\n<div style=\"height:16px\" aria-hidden=\"true\" class=\"wp-block-spacer\"><\/div>\n<\/div>\n\n\n\n<figure class=\"wp-block-embed is-type-video is-provider-youtube wp-block-embed-youtube wp-embed-aspect-16-9 wp-has-aspect-ratio\"><div class=\"wp-block-embed__wrapper\">\n<iframe loading=\"lazy\" title=\"Bitmeyen g\u00fcne\u015f enerjisi dc jenarat\u00f6r ile\" width=\"500\" height=\"281\" src=\"https:\/\/www.youtube.com\/embed\/POEul6KM3qE?start=2&#038;feature=oembed\" frameborder=\"0\" allow=\"accelerometer; autoplay; clipboard-write; encrypted-media; gyroscope; picture-in-picture; web-share\" referrerpolicy=\"strict-origin-when-cross-origin\" allowfullscreen><\/iframe>\n<\/div><\/figure>\n<\/div>\n","protected":false},"excerpt":{"rendered":"<p>CP TOOLS JENERAT\u00d6R S\u0130STEMLER\u0130 \u0130leti\u015fim BilgileriMerkez:\u00a0Mahmutbey Mah. 2455.Sok 34. Ada, \u0130sto\u00e7 no:23, 34200 Ba\u011fc\u0131lar\/\u0130stanbul \u0130leti\u015fim\u00a0:Polat Kerimo\u011flu\u00a0: +90 544 694 94 90 CP Tools, elektri\u011fe ba\u011f\u0131ml\u0131l\u0131\u011f\u0131 ortadan kald\u0131ran bir sistem sunar.\u00c7\u00fcnk\u00fc biz, enerjiyi bir \u00fcr\u00fcn de\u011fil, bir \u00e7\u00f6z\u00fcm olarak g\u00f6r\u00fcyoruz.<\/p>\n","protected":false},"author":1,"featured_media":0,"parent":0,"menu_order":0,"comment_status":"closed","ping_status":"closed","template":"leti-im","meta":{"footnotes":""},"class_list":["post-54","page","type-page","status-publish","hentry"],"_links":{"self":[{"href":"https:\/\/www.cpjenerator.com\/index.php?rest_route=\/wp\/v2\/pages\/54","targetHints":{"allow":["GET"]}}],"collection":[{"href":"https:\/\/www.cpjenerator.com\/index.php?rest_route=\/wp\/v2\/pages"}],"about":[{"href":"https:\/\/www.cpjenerator.com\/index.php?rest_route=\/wp\/v2\/types\/page"}],"author":[{"embeddable":true,"href":"https:\/\/www.cpjenerator.com\/index.php?rest_route=\/wp\/v2\/users\/1"}],"replies":[{"embeddable":true,"href":"https:\/\/www.cpjenerator.com\/index.php?rest_route=%2Fwp%2Fv2%2Fcomments&post=54"}],"version-history":[{"count":6,"href":"https:\/\/www.cpjenerator.com\/index.php?rest_route=\/wp\/v2\/pages\/54\/revisions"}],"predecessor-version":[{"id":557,"href":"https:\/\/www.cpjenerator.com\/index.php?rest_route=\/wp\/v2\/pages\/54\/revisions\/557"}],"wp:attachment":[{"href":"https:\/\/www.cpjenerator.com\/index.php?rest_route=%2Fwp%2Fv2%2Fmedia&parent=54"}],"curies":[{"name":"wp","href":"https:\/\/api.w.org\/{rel}","templated":true}]}}