{"id":51,"date":"2026-03-10T08:15:19","date_gmt":"2026-03-10T08:15:19","guid":{"rendered":"https:\/\/www.cpjenerator.com\/?page_id=51"},"modified":"2026-03-18T20:58:49","modified_gmt":"2026-03-18T20:58:49","slug":"hakkimizda","status":"publish","type":"page","link":"https:\/\/www.cpjenerator.com\/?page_id=51","title":{"rendered":"Hakk\u0131m\u0131zda"},"content":{"rendered":"<h1 class=\"wp-block-site-title\"><a href=\"https:\/\/www.cpjenerator.com\" target=\"_self\" rel=\"home\">CP TOOLS<\/a><\/h1>\n\n<div class=\"aligncenter wp-block-site-logo wp-duotone-unset-1\"><a href=\"https:\/\/www.cpjenerator.com\/\" class=\"custom-logo-link\" rel=\"home\"><img loading=\"lazy\" decoding=\"async\" width=\"626\" height=\"358\" src=\"https:\/\/www.cpjenerator.com\/wp-content\/uploads\/2026\/03\/CP_Tools_Logo-1.png\" class=\"custom-logo\" alt=\"CP TOOLS\" srcset=\"https:\/\/www.cpjenerator.com\/wp-content\/uploads\/2026\/03\/CP_Tools_Logo-1.png 1104w, https:\/\/www.cpjenerator.com\/wp-content\/uploads\/2026\/03\/CP_Tools_Logo-1-300x172.png 300w, https:\/\/www.cpjenerator.com\/wp-content\/uploads\/2026\/03\/CP_Tools_Logo-1-1024x586.png 1024w, https:\/\/www.cpjenerator.com\/wp-content\/uploads\/2026\/03\/CP_Tools_Logo-1-768x440.png 768w\" sizes=\"auto, (max-width: 626px) 100vw, 626px\" \/><\/a><\/div>\n\n\n<p>G\u00fcn\u00fcm\u00fcz d\u00fcnyas\u0131nda enerji, sadece bir ihtiya\u00e7 de\u011fil; \u00f6zg\u00fcr bir ya\u015fam\u0131n temelidir. CP Tools olarak, mobil ya\u015fam\u0131n ve ba\u011f\u0131ms\u0131z enerji ihtiyac\u0131n\u0131n giderek artt\u0131\u011f\u0131 bu d\u00f6nemde, kullan\u0131c\u0131lar\u0131m\u0131za kesintisiz ve g\u00fcvenilir enerji \u00e7\u00f6z\u00fcmleri sunmak i\u00e7in yola \u00e7\u0131kt\u0131k.<\/p>\n\n\n\n<p>DC jenerat\u00f6r teknolojisine odaklanan markam\u0131z; t\u0131r, karavan, tekne, tiny house ve elektrikli sistemler gibi farkl\u0131 kullan\u0131m alanlar\u0131na uygun, y\u00fcksek performansl\u0131 ve stabil enerji \u00e7\u00f6z\u00fcmleri geli\u015ftirir. \u00dcr\u00fcnlerimiz, sabit voltaj yap\u0131s\u0131 sayesinde cihazlar\u0131n\u0131z\u0131 korurken, uzun s\u00fcreli ve verimli kullan\u0131m sunar.<\/p>\n\n\n\n<p>CP Tools\u2019un temel yakla\u015f\u0131m\u0131; sadece bir \u00fcr\u00fcn sunmak de\u011fil, kullan\u0131c\u0131lar\u0131n\u0131n ya\u015fam\u0131n\u0131 kolayla\u015ft\u0131ran s\u00fcrd\u00fcr\u00fclebilir bir enerji altyap\u0131s\u0131 sa\u011flamakt\u0131r. G\u00fcr\u00fclt\u00fcs\u00fcz \u00e7al\u0131\u015fma, d\u00fc\u015f\u00fck enerji kayb\u0131 ve mobil uyum gibi avantajlarla, bulundu\u011funuz her yerde elektrik eri\u015fimini m\u00fcmk\u00fcn k\u0131lar.<\/p>\n\n\n\n<figure class=\"wp-block-embed is-type-video is-provider-youtube wp-block-embed-youtube wp-embed-aspect-16-9 wp-has-aspect-ratio\"><div class=\"wp-block-embed__wrapper\">\n<iframe loading=\"lazy\" title=\"Bitmeyen g\u00fcne\u015f enerjisi dc jenarat\u00f6r ile\" width=\"500\" height=\"281\" src=\"https:\/\/www.youtube.com\/embed\/POEul6KM3qE?feature=oembed\" frameborder=\"0\" allow=\"accelerometer; autoplay; clipboard-write; encrypted-media; gyroscope; picture-in-picture; web-share\" referrerpolicy=\"strict-origin-when-cross-origin\" allowfullscreen><\/iframe>\n<\/div><\/figure>\n\n\n\n<p>Kalite odakl\u0131 \u00fcretim anlay\u0131\u015f\u0131m\u0131z ve kullan\u0131c\u0131 deneyimini merkeze alan yakla\u015f\u0131m\u0131m\u0131zla, her ko\u015fulda g\u00fcvenilir performans sunmay\u0131 hedefliyoruz.<\/p>\n\n\n\n<p><strong>CP Tools, elektri\u011fe ba\u011f\u0131ml\u0131l\u0131\u011f\u0131 ortadan kald\u0131ran bir sistem sunar.<br>\u00c7\u00fcnk\u00fc biz, enerjiyi bir \u00fcr\u00fcn de\u011fil, bir \u00e7\u00f6z\u00fcm olarak g\u00f6r\u00fcyoruz.<\/strong><\/p>\n\n\n\n<div class=\"wp-block-query is-layout-flow wp-block-query-is-layout-flow\"><\/div>\n\n\n<p><iframe src=\"https:\/\/www.google.com\/maps\/embed?pb=!1m18!1m12!1m3!1d3008.2069270180946!2d28.814083875768198!3d41.06446927134266!2m3!1f0!2f0!3f0!3m2!1i1024!2i768!4f13.1!3m3!1m2!1s0x14caa504c8edd2b5%3A0xede130c63fb53189!2sCP%20TOOLS!5e0!3m2!1str!2str!4v1773794471863!5m2!1str!2str\" width=\"600\" height=\"450\" style=\"border:0;\" allowfullscreen=\"\" loading=\"lazy\" referrerpolicy=\"no-referrer-when-downgrade\"><\/iframe><\/p>\n\n\n<div class=\"wp-block-group alignfull has-accent-3-background-color has-background is-vertical is-content-justification-center is-layout-flex wp-container-core-group-is-layout-623b1cb9 wp-block-group-is-layout-flex\" style=\"min-height:100vh;margin-top:0;margin-bottom:0;padding-top:var(--wp--preset--spacing--60);padding-right:var(--wp--preset--spacing--50);padding-bottom:var(--wp--preset--spacing--60);padding-left:var(--wp--preset--spacing--50)\">\n<div class=\"wp-block-group has-global-padding is-layout-constrained wp-block-group-is-layout-constrained\">\n<figure class=\"wp-block-image aligncenter size-full is-resized\"><img decoding=\"async\" src=\"https:\/\/www.cpjenerator.com\/wp-content\/themes\/twentytwentyfour\/assets\/images\/icon-message.webp\" alt=\"\" style=\"object-fit:cover;width:45px;height:49px\"\/><\/figure>\n\n\n\n<div style=\"height:var(--wp--preset--spacing--10)\" aria-hidden=\"true\" class=\"wp-block-spacer\"><\/div>\n\n\n\n<h2 class=\"wp-block-heading has-text-align-center has-contrast-color has-text-color has-link-color has-x-large-font-size wp-elements-cd99f44236e78f1d336297f246668916\" style=\"margin-right:0;margin-left:0;padding-right:0;padding-left:0\">B\u00fcltene abone olun ve toplulu\u011fumuzla ba\u011flant\u0131da kal\u0131n<\/h2>\n\n\n\n<div style=\"height:var(--wp--preset--spacing--10)\" aria-hidden=\"true\" class=\"wp-block-spacer\"><\/div>\n\n\n\n<div class=\"wp-block-buttons is-content-justification-center is-layout-flex wp-container-core-buttons-is-layout-a89b3969 wp-block-buttons-is-layout-flex\">\n<div class=\"wp-block-button\"><a class=\"wp-block-button__link wp-element-button\">\u00dcye ol<\/a><\/div>\n<\/div>\n<\/div>\n<\/div>\n","protected":false},"excerpt":{"rendered":"<p>G\u00fcn\u00fcm\u00fcz d\u00fcnyas\u0131nda enerji, sadece bir ihtiya\u00e7 de\u011fil; \u00f6zg\u00fcr bir ya\u015fam\u0131n temelidir. CP Tools olarak, mobil ya\u015fam\u0131n ve ba\u011f\u0131ms\u0131z enerji ihtiyac\u0131n\u0131n giderek artt\u0131\u011f\u0131 bu d\u00f6nemde, kullan\u0131c\u0131lar\u0131m\u0131za kesintisiz ve g\u00fcvenilir enerji \u00e7\u00f6z\u00fcmleri sunmak i\u00e7in yola \u00e7\u0131kt\u0131k. DC jenerat\u00f6r teknolojisine odaklanan markam\u0131z; t\u0131r, karavan, tekne, tiny house ve elektrikli sistemler gibi farkl\u0131 kullan\u0131m alanlar\u0131na uygun, y\u00fcksek performansl\u0131 ve [&hellip;]<\/p>\n","protected":false},"author":1,"featured_media":0,"parent":0,"menu_order":0,"comment_status":"closed","ping_status":"closed","template":"hakk-m-zda","meta":{"footnotes":""},"class_list":["post-51","page","type-page","status-publish","hentry"],"_links":{"self":[{"href":"https:\/\/www.cpjenerator.com\/index.php?rest_route=\/wp\/v2\/pages\/51","targetHints":{"allow":["GET"]}}],"collection":[{"href":"https:\/\/www.cpjenerator.com\/index.php?rest_route=\/wp\/v2\/pages"}],"about":[{"href":"https:\/\/www.cpjenerator.com\/index.php?rest_route=\/wp\/v2\/types\/page"}],"author":[{"embeddable":true,"href":"https:\/\/www.cpjenerator.com\/index.php?rest_route=\/wp\/v2\/users\/1"}],"replies":[{"embeddable":true,"href":"https:\/\/www.cpjenerator.com\/index.php?rest_route=%2Fwp%2Fv2%2Fcomments&post=51"}],"version-history":[{"count":7,"href":"https:\/\/www.cpjenerator.com\/index.php?rest_route=\/wp\/v2\/pages\/51\/revisions"}],"predecessor-version":[{"id":172,"href":"https:\/\/www.cpjenerator.com\/index.php?rest_route=\/wp\/v2\/pages\/51\/revisions\/172"}],"wp:attachment":[{"href":"https:\/\/www.cpjenerator.com\/index.php?rest_route=%2Fwp%2Fv2%2Fmedia&parent=51"}],"curies":[{"name":"wp","href":"https:\/\/api.w.org\/{rel}","templated":true}]}}